{"id":111,"date":"2021-05-25T20:31:44","date_gmt":"2021-05-26T01:31:44","guid":{"rendered":"https:\/\/tripleaoriginal.com\/?page_id=111"},"modified":"2024-06-05T16:34:33","modified_gmt":"2024-06-05T22:34:33","slug":"bienvenido","status":"publish","type":"page","link":"https:\/\/tripleaoriginal.com\/","title":{"rendered":"As Bajo la Ma\u00f1a | Podcast en M\u00e9xico"},"content":{"rendered":"<div class=\"wp-block-image is-style-default\">\n<figure class=\"aligncenter size-large is-resized\"><a href=\"https:\/\/www.podcast.tripleaoriginal.com\/\"><img loading=\"lazy\" decoding=\"async\" width=\"6969\" height=\"957\" src=\"https:\/\/tripleaoriginal.com\/wp-content\/uploads\/2024\/06\/Podcast-en-Mexico-desde-tu-plataforma-favorita.svg\" alt=\"Podcast en M\u00e9xico desde tu plataforma favorita\" class=\"wp-image-739\" style=\"width:850px;height:116px\"\/><\/a><\/figure>\n<\/div>\n\n\n<h1 class=\"wp-block-heading has-text-align-center\">Proyectos Triple A Original<\/h1>\n\n\n\n<h2 class=\"wp-block-heading\"><a href=\"https:\/\/www.podcast.tripleaoriginal.com\/\" target=\"_blank\" rel=\"noreferrer noopener\">As Bajo la Ma\u00f1a<\/a>, el podcast en M\u00e9xico donde tu intenci\u00f3n, \u00a1es la que cuenta! <\/h2>\n\n\n\n<p class=\"has-text-align-center\"><a href=\"https:\/\/www.podcast.tripleaoriginal.com\/\" target=\"_blank\" rel=\"noopener\" title=\"\">As Bajo la Ma\u00f1a<\/a> | Podcast en M\u00e9xico<\/p>\n","protected":false},"excerpt":{"rendered":"<p>Proyectos Triple A Original As Bajo la Ma\u00f1a, el podcast en M\u00e9xico donde tu intenci\u00f3n, \u00a1es la que cuenta! As [&hellip;]<\/p>\n<a href=\"https:\/\/tripleaoriginal.com\/\" class=\"read-more\">Read more <span class=\"mdi mdi-trending-neutral\"><\/span><\/a>","protected":false},"author":1,"featured_media":0,"parent":0,"menu_order":0,"comment_status":"closed","ping_status":"closed","template":"","meta":{"inline_featured_image":false,"footnotes":""},"class_list":["post-111","page","type-page","status-publish","hentry"],"aioseo_notices":[],"_links":{"self":[{"href":"https:\/\/tripleaoriginal.com\/index.php\/wp-json\/wp\/v2\/pages\/111","targetHints":{"allow":["GET"]}}],"collection":[{"href":"https:\/\/tripleaoriginal.com\/index.php\/wp-json\/wp\/v2\/pages"}],"about":[{"href":"https:\/\/tripleaoriginal.com\/index.php\/wp-json\/wp\/v2\/types\/page"}],"author":[{"embeddable":true,"href":"https:\/\/tripleaoriginal.com\/index.php\/wp-json\/wp\/v2\/users\/1"}],"replies":[{"embeddable":true,"href":"https:\/\/tripleaoriginal.com\/index.php\/wp-json\/wp\/v2\/comments?post=111"}],"version-history":[{"count":4,"href":"https:\/\/tripleaoriginal.com\/index.php\/wp-json\/wp\/v2\/pages\/111\/revisions"}],"predecessor-version":[{"id":742,"href":"https:\/\/tripleaoriginal.com\/index.php\/wp-json\/wp\/v2\/pages\/111\/revisions\/742"}],"wp:attachment":[{"href":"https:\/\/tripleaoriginal.com\/index.php\/wp-json\/wp\/v2\/media?parent=111"}],"curies":[{"name":"wp","href":"https:\/\/api.w.org\/{rel}","templated":true}]}}